{"id":2220,"date":"2024-06-13T09:21:05","date_gmt":"2024-06-13T09:21:05","guid":{"rendered":"https:\/\/francechinafoundation.org\/france-china-climate-initiative\/"},"modified":"2024-06-13T12:43:03","modified_gmt":"2024-06-13T12:43:03","slug":"france-china-climate-initiative","status":"publish","type":"page","link":"https:\/\/francechinafoundation.org\/en\/france-china-climate-initiative\/","title":{"rendered":"France China Climate Initiative"},"content":{"rendered":"<h1>THE FRANCE CHINA CLIMATE INITIATIVE<\/h1>\n<p>&nbsp;<\/p>\n<p>The France China Foundation launched in 2023 the France China Climate Initiative to reinforce dialogue and cooperation on climate change mitigation.<\/p>\n<p>&nbsp;<\/p>\n<p>It foster bonds between experts, officials and entrepreneurs engaged in various aspects of climate change mitigation actions in France\/Europe and<br \/>\nChina. Its approach is hands-on, focused on technical issues and sector-level dynamics.<\/p>\n<p>&nbsp;<\/p>\n<p>Launch seminar :<br \/>\n\u00ab Will China Meet Its Climate Commitments? \u00bb<br \/>\ndiscussion with dr. WANG Yong and the Young Leaders of the France China Foundation (25 November 2023)<\/p>\n<p>&nbsp;<\/p>\n<p>This Initiative is supported by the European Climate Foundation.<\/p>\n<p>&nbsp;<\/p>\n<p>For more information, please contact :<br \/>\nIrene Hors, Head, France China Climate Initiative and Co-Founder, Fondation France-Asie :<br \/>\n<a href=\"mailto:irene.hors@fondationfranceasie.org\">irene.hors@fondationfranceasie.org<\/a><\/p>\n<p>&nbsp;<\/p>\n<p>&nbsp;<\/p>\n<h2 style=\"text-align: center;\">EVENTS AND AREAS OF WORK<\/h2>\n<p>&nbsp;<\/p>\n<p>&nbsp;<\/p>\n<p><img loading=\"lazy\" decoding=\"async\" class=\"aligncenter wp-image-2163 size-full\" src=\"http:\/\/francechinafoundation.org\/wp-content\/uploads\/sites\/2\/2024\/06\/image-1.png\" alt=\"\" width=\"3408\" height=\"1767\" \/><\/p>\n<p>&nbsp;<\/p>\n<p>Tuesday, December 19, 2023, the Sth edition of the France-China Track 2 was held in Paris, bringing together French and Chinese experts, officials and<br \/>\njournalists. After three years of the COVID crisis, in a tense geopolitical context, the exchanges took stock of the France\/Europe-China relationship,<br \/>\nacknowledging its complexity. Discussions also focused on trade and investment relations and cooperation in facing the climate challenge (industrial<br \/>\ndecarbonization, tripartite Africa-China-France cooperation).<\/p>\n<p>&nbsp;<\/p>\n<p>Created in 2018, the France-China Track 2 is an initiative of the France China Foundation (FCF), the China chapter of the France-Asia Foundation<br \/>\n(FFA), and the Chinese People&#8217;s Institute of Foreign Affairs (CPIFA).<\/p>\n<p>&nbsp;<\/p>\n<p>Thank you to Mr. Ji Bingxuan, Vice-President of the 13th Standing Committee of the National People&#8217;s Congress, Ms. Carole Bureau-Bonnard, Vice-<br \/>\nPresident of the National Assembly (2017-19), Mr. Wang Chao, President of CPIFA, Ms. Shi Ling, Vice-President of CPIFA, Mr. Nicolas Maquin and Ms.<br \/>\nIr\u00e8ne Hors, co-founders of the FFA, and all the French and Chinese speakers:<\/p>\n<p>&nbsp;<\/p>\n<p>French speakers: David Baverez, Sylvie Bermann, Anne-Laure Cattelot, Joseph Dellatte, St\u00e9phane Crouzat, Marc-Antoine Eyl-Mazzega, Thomas<\/p>\n<p>Friedberger, Etienne Giros, Pierre Haski, S\u00e9bastien Jean, Marc Julienne, Sylvie Matelly, Jean-Rapha\u00ebl Peytregnet, S\u00e9bastien Treyer, Laurence Tubiana,<br \/>\nChristian Yoka.<\/p>\n<p>&nbsp;<\/p>\n<p>Chinese speakers: Xie Zhenhua, Jiang Xiaojuan, Gao Yan, Xu Huaqing, Li Zheng, Xu Chen, Li Yan, Yang Xiaorong, Chu Kaimin, Gao Yuanyuan, Wang<br \/>\nWen, Gao Xiang.<\/p>\n<p>&nbsp;<\/p>\n<p>Thank you to Allen &amp; Overy France for hosting the France-China Track 2 in their Paris offices.<\/p>\n<p>&nbsp;<\/p>\n<p>The 2024 edition of Track 2 will take place in Beijing on December 10, 2024. For more information on the France-China Track 2 or to participate in the<br \/>\n2024 edition, please contact Irene Hors: <a href=\"mailto:irene.hors@fondationfranceasie.org\">irene.hors@fondationfranceasie.org<\/a><\/p>\n<p>&nbsp;<\/p>\n<p>&nbsp;<\/p>\n<p><img loading=\"lazy\" decoding=\"async\" class=\"aligncenter wp-image-2166 size-full\" src=\"http:\/\/francechinafoundation.org\/wp-content\/uploads\/sites\/2\/2024\/06\/image-2.png\" alt=\"\" width=\"1280\" height=\"960\" \/><\/p>\n<blockquote><p>&nbsp;<\/p>\n<p>\u00a9Christinne Muschi, Reuters<\/p><\/blockquote>\n<p>&nbsp;<\/p>\n<p>&nbsp;<\/p>\n<h3>CROSSED PERCEPTIONS: CLIMATE ACTION IN FRANCE\/EUROPE AND CHINA<\/h3>\n<p>&nbsp;<\/p>\n<p>In the framework of its France China Climate Initiative, the France China Foundation is conducting a project on Crossed Perceptions on Climate Action<br \/>\nin France\/Europe and China. Based on a selection of recent French and Chinese publications over more than a year, we analyse the perception in<br \/>\nFrance of China&#8217;s climate mitigation actions and the perception in China of France\/Europe&#8217;s, as reflected in each nation\u2019s media coverage.<\/p>\n<p>&nbsp;<\/p>\n<p><strong>Why does it matter ?<\/strong><\/p>\n<p>&nbsp;<\/p>\n<p>The collective dynamics underpinning climate change mitigation can be compared to a prisoner&#8217;s dilemma situation. Climate change mitigation has<br \/>\na political and economic cost, so what other countries do, in particular the US, Europe and China, and the perception of the progress these make are<br \/>\nlikely to impact how governments and populations dose their efforts. And this perception is highly influenced by the media.<\/p>\n<p>&nbsp;<\/p>\n<p>For more information, please contact<br \/>\nS\u00e9verine Bardon and Irene Hors at <a href=\"mailto:sevbardon@yahoo.com\">sevbardon@yahoo.com<\/a> and <a href=\"mailto:irene.hors@fondationfranceasie.org\">irene.hors@fondationfranceasie.org<\/a><\/p>\n<p>&nbsp;<\/p>\n<p>&nbsp;<\/p>\n<p><img loading=\"lazy\" decoding=\"async\" class=\"alignnone wp-image-2106 size-full\" src=\"http:\/\/francechinafoundation.org\/wp-content\/uploads\/sites\/2\/2024\/05\/pexels-fotoslian-2875291-scaled.jpg\" alt=\"\" width=\"2560\" height=\"1707\" srcset=\"https:\/\/francechinafoundation.org\/wp-content\/uploads\/sites\/2\/2024\/05\/pexels-fotoslian-2875291-scaled.jpg 2560w, https:\/\/francechinafoundation.org\/wp-content\/uploads\/sites\/2\/2024\/05\/pexels-fotoslian-2875291-300x200.jpg 300w, https:\/\/francechinafoundation.org\/wp-content\/uploads\/sites\/2\/2024\/05\/pexels-fotoslian-2875291-1024x683.jpg 1024w, https:\/\/francechinafoundation.org\/wp-content\/uploads\/sites\/2\/2024\/05\/pexels-fotoslian-2875291-768x512.jpg 768w, https:\/\/francechinafoundation.org\/wp-content\/uploads\/sites\/2\/2024\/05\/pexels-fotoslian-2875291-1536x1024.jpg 1536w, https:\/\/francechinafoundation.org\/wp-content\/uploads\/sites\/2\/2024\/05\/pexels-fotoslian-2875291-2048x1365.jpg 2048w, https:\/\/francechinafoundation.org\/wp-content\/uploads\/sites\/2\/2024\/05\/pexels-fotoslian-2875291-375x250.jpg 375w\" sizes=\"(max-width: 2560px) 100vw, 2560px\" \/><\/p>\n<p>&nbsp;<\/p>\n<p>&nbsp;<\/p>\n<h3>BUILDING DECARBONATION<\/h3>\n<p>&nbsp;<\/p>\n<p>In the framework of its France China Climate Initiative, the France China Foundation is developing a project on Building Decarbonation in France and<br \/>\nChina.<\/p>\n<p>&nbsp;<\/p>\n<p><strong>Why focus on building decarbonation?<\/strong><\/p>\n<p>&nbsp;<\/p>\n<p>The stakes are high: the building and construction sector represents 37% of global energy related emissions, 34% of global energy demand and 50%<br \/>\nof materials consumption. France and China have an important role to play: France spearheads the Buildings Breakthrough Initiative and the building<br \/>\nsector in China accounts for a large part of its GHG emissions: in 2019, prior to the COVID crisis, the construction of civil buildings represented 16% of<br \/>\nthe total emissions and building operations, 22%.<\/p>\n<p>&nbsp;<\/p>\n<p><strong>Why now?<\/strong><\/p>\n<p>&nbsp;<\/p>\n<p>China and France signed an MOU on Sustainable Urban Development in December 2023: this initiative will contribute to its implementation. Besides,<br \/>\ncountries are expected to issue updated NDCs in 2025, providing an opportunity to reinforce commitments related to building decarbonation.<\/p>\n<p>&nbsp;<\/p>\n<p><strong>What is the purpose of this project?<\/strong><\/p>\n<p>&nbsp;<\/p>\n<p>The purpose is to:<\/p>\n<p>&nbsp;<\/p>\n<p>Develop a community of French and Chinese experts and officials engaged in building decarbonation, based on trust and mutual interest, and create<br \/>\na space for dialogue with a view to informing and shaping France-China cooperation in this field. \u00e0<\/p>\n<p>&nbsp;<\/p>\n<p>Reinforce French expertise on China and building decarbonation, in connection with other European organizations and Paris-based international<br \/>\norganizations such as OECD and IEA.<\/p>\n<p>&nbsp;<\/p>\n<p>Exchange views on policies for a building decarbonation pathway.<\/p>\n<p>&nbsp;<\/p>\n<p>Raise mutual interest to carry out pilot projects.<\/p>\n<p>&nbsp;<\/p>\n<p>For more information, please contact<br \/>\nJean Le Pavec and Irene Hors at\u00a0<a href=\"mailto:jlp@melix.net\">jlp@melix.net<\/a> and <a href=\"mailto:irene.hors@fondationfranceasie.org\">irene.hors@fondationfranceasie.org<\/a><\/p>\n","protected":false},"excerpt":{"rendered":"<p>THE FRANCE CHINA CLIMATE INITIATIVE &nbsp; The France China Foundation launched in 2023 the France China Climate Initiative to reinforce dialogue and cooperation on climate change mitigation. &nbsp; It foster bonds between experts, officials and entrepreneurs engaged in various aspects of climate change mitigation actions in France\/Europe and China. Its [&hellip;]<\/p>\n","protected":false},"author":1,"featured_media":0,"parent":0,"menu_order":0,"comment_status":"closed","ping_status":"closed","template":"program-template.php","meta":{"episode_type":"","audio_file":"","cover_image":"","cover_image_id":"","duration":"","filesize":"","date_recorded":"","explicit":"","block":"","filesize_raw":"","footnotes":""},"acf":[],"_links":{"self":[{"href":"https:\/\/francechinafoundation.org\/en\/wp-json\/wp\/v2\/pages\/2220"}],"collection":[{"href":"https:\/\/francechinafoundation.org\/en\/wp-json\/wp\/v2\/pages"}],"about":[{"href":"https:\/\/francechinafoundation.org\/en\/wp-json\/wp\/v2\/types\/page"}],"author":[{"embeddable":true,"href":"https:\/\/francechinafoundation.org\/en\/wp-json\/wp\/v2\/users\/1"}],"replies":[{"embeddable":true,"href":"https:\/\/francechinafoundation.org\/en\/wp-json\/wp\/v2\/comments?post=2220"}],"version-history":[{"count":2,"href":"https:\/\/francechinafoundation.org\/en\/wp-json\/wp\/v2\/pages\/2220\/revisions"}],"predecessor-version":[{"id":2258,"href":"https:\/\/francechinafoundation.org\/en\/wp-json\/wp\/v2\/pages\/2220\/revisions\/2258"}],"wp:attachment":[{"href":"https:\/\/francechinafoundation.org\/en\/wp-json\/wp\/v2\/media?parent=2220"}],"curies":[{"name":"wp","href":"https:\/\/api.w.org\/{rel}","templated":true}]}}